{"id":595,"date":"2020-11-16T21:22:07","date_gmt":"2020-11-16T21:22:07","guid":{"rendered":"https:\/\/laicitequebec.org\/?page_id=595"},"modified":"2025-11-23T13:11:58","modified_gmt":"2025-11-23T13:11:58","slug":"faire-un-don","status":"publish","type":"page","link":"https:\/\/laicitequebec.org\/?page_id=595","title":{"rendered":"Faire un don"},"content":{"rendered":"<div class=\"row\">\n<p><img loading=\"lazy\" decoding=\"async\" class=\"size-medium wp-image-319 aligncenter\" src=\"https:\/\/laicitequebec.org\/wp-content\/uploads\/2020\/11\/a_Logo-RPL--300x300.jpg\" alt=\"\" width=\"300\" height=\"300\" srcset=\"https:\/\/laicitequebec.org\/wp-content\/uploads\/2020\/11\/a_Logo-RPL--300x300.jpg 300w, https:\/\/laicitequebec.org\/wp-content\/uploads\/2020\/11\/a_Logo-RPL--1024x1020.jpg 1024w, https:\/\/laicitequebec.org\/wp-content\/uploads\/2020\/11\/a_Logo-RPL--150x150.jpg 150w, https:\/\/laicitequebec.org\/wp-content\/uploads\/2020\/11\/a_Logo-RPL--768x765.jpg 768w, https:\/\/laicitequebec.org\/wp-content\/uploads\/2020\/11\/a_Logo-RPL--60x60.jpg 60w, https:\/\/laicitequebec.org\/wp-content\/uploads\/2020\/11\/a_Logo-RPL--24x24.jpg 24w, https:\/\/laicitequebec.org\/wp-content\/uploads\/2020\/11\/a_Logo-RPL--36x36.jpg 36w, https:\/\/laicitequebec.org\/wp-content\/uploads\/2020\/11\/a_Logo-RPL--48x48.jpg 48w, https:\/\/laicitequebec.org\/wp-content\/uploads\/2020\/11\/a_Logo-RPL-.jpg 1454w\" sizes=\"auto, (max-width: 300px) 100vw, 300px\" \/><\/p>\n<p><strong style=\"color: black; font-family: calibri; font-size: 200%;\">\u00a0 Je donne au Rassemblement pour la la\u00efcit\u00e9 (RPL)<\/strong><\/p>\n<\/div>\n<div>\n<p style=\"font-family: calibri; font-size: 130%; color: grey;\">Votre contribution permettra au Mouvement la\u00efque qu\u00e9b\u00e9cois (MLQ) et au groupe Libres penseurs ath\u00e9es (LPA) d&rsquo;intervenir devant le tribunal afin de d\u00e9fendre la validit\u00e9 de la loi sur la la\u00efcit\u00e9 de l&rsquo;\u00c9tat qu\u00e9b\u00e9cois.<\/p>\n<div id=\"comp-k92ql9e5\">\n<div class=\"\" data-mesh-id=\"comp-k92ql9e5inlineContent\" data-testid=\"inline-content\">\n<div data-mesh-id=\"comp-k92ql9e5inlineContent-gridContainer\" data-testid=\"mesh-container-content\">\n<div id=\"comp-k92ql9eo\" class=\"_1Z_nJ\" data-testid=\"richTextElement\">\n<div id=\"comp-kd3mmrc1\">\n<div class=\"dXI4C\" style=\"font-size: 150%; color: black; font-weight: bold; margin-bottom: -2em;\">\n<p>Par carte de cr\u00e9dit via PayPal :<\/p>\n<\/div>\n<div><\/div>\n<\/div>\n<\/div>\n<\/div>\n<\/div>\n<\/div>\n<form action=\"https:\/\/www.paypal.com\/donate\" method=\"post\" target=\"_top\"><input name=\"hosted_button_id\" type=\"hidden\" value=\"UC53DEGCAN6HY\" \/><br \/>\n<input title=\"PayPal - The safer, easier way to pay online!\" alt=\"Donate with PayPal button\" name=\"submit\" src=\"https:\/\/laicitequebec.org\/wp-content\/uploads\/2020\/11\/paypal-avis-300x117.png\" type=\"image\" \/><br \/>\n<img loading=\"lazy\" decoding=\"async\" src=\"https:\/\/www.paypal.com\/fr_CA\/i\/scr\/pixel.gif\" alt=\"\" width=\"1\" height=\"1\" border=\"0\" \/><\/form>\n<div id=\"comp-kd3mmrc1\">\n<div><\/div>\n<div><\/div>\n<div class=\"dXI4C\" style=\"font-size: 150%; color: black; font-weight: bold;\">Par virement interac :<\/div>\n<\/div>\n<div id=\"comp-kd3mon33\">\n<div class=\"\" data-mesh-id=\"comp-kd3mon33inlineContent\" data-testid=\"inline-content\">\n<div data-mesh-id=\"comp-kd3mon33inlineContent-gridContainer\" data-testid=\"mesh-container-content\">\n<div id=\"comp-kd3ms0hd\" class=\"_1Z_nJ\" data-testid=\"richTextElement\">\n<blockquote>\n<p class=\"font_5\">\u00e0 l&rsquo;adresse<strong> viaRPL@mlq.qc.ca<\/strong><br \/>\nLa r\u00e9ponse \u00e0 la question de votre choix doit \u00eatre<strong> RPL\u00a0<\/strong>(en majuscules)<\/p>\n<\/blockquote>\n<\/div>\n<\/div>\n<\/div>\n<\/div>\n<div id=\"comp-k92qe1u3\" class=\"\">\n<div data-testid=\"svgRoot-comp-k92qe1u3\"><\/div>\n<div class=\"_36XXs _3Qjwl\" style=\"font-size: 150%; color: black; font-weight: bold;\" data-testid=\"svgRoot-comp-k92qe1u3\">Par ch\u00e8que \u00e0 l&rsquo;ordre de :<\/div>\n<\/div>\n<div id=\"comp-k92qo2lc\">\n<div class=\"\" data-mesh-id=\"comp-k92qo2lcinlineContent\" data-testid=\"inline-content\">\n<div data-mesh-id=\"comp-k92qo2lcinlineContent-gridContainer\" data-testid=\"mesh-container-content\">\n<div id=\"comp-k92qo2m0\" class=\"_1Z_nJ\" data-testid=\"richTextElement\">\n<blockquote>\n<p class=\"font_5\"><span class=\"color_16\">Mouvement la\u00efque qu\u00e9b\u00e9cois<\/span><\/p>\n<p><u>Envoy\u00e9 \u00e0 l&rsquo;adresse<\/u> :<\/p>\n<p class=\"m_5799500661410639543MsoPlainText\"><span lang=\"EN-CA\">CP 52507<br \/>\nCSP Castelneau<br \/>\n<\/span><span lang=\"EN-CA\">7468 rue Drolet,\u00a0<\/span><br \/>\n<u><\/u><u><\/u>Montr\u00e9al, QC<br \/>\nH2R 3C5<\/p>\n<\/blockquote>\n<\/div>\n<\/div>\n<\/div>\n<\/div>\n<\/div>\n<p><!--\n\n\n<div>\n\n\n<div>bouton Paypal<\/div>\n\n\n\n\n<div>texte Interac<\/div>\n\n\n\n\n<div>texte cheque<\/div>\n\n\n<\/div>\n\n\n\n\n<div>Merci pour votre contribution!<\/div>\n\n\n<\/div>\n\n\n--><\/p>\n","protected":false},"excerpt":{"rendered":"<p>\u00a0 Je donne au Rassemblement pour la la\u00efcit\u00e9 (RPL) Votre contribution permettra au Mouvement la\u00efque qu\u00e9b\u00e9cois (MLQ) et au groupe Libres penseurs ath\u00e9es (LPA) d&rsquo;intervenir devant le tribunal afin de d\u00e9fendre la validit\u00e9 de la loi sur la la\u00efcit\u00e9 de l&rsquo;\u00c9tat qu\u00e9b\u00e9cois. Par carte de cr\u00e9dit via PayPal : Par virement interac : \u00e0 l&rsquo;adresse [&hellip;]<\/p>\n","protected":false},"author":1,"featured_media":0,"parent":0,"menu_order":0,"comment_status":"closed","ping_status":"closed","template":"","meta":{"rop_custom_images_group":[],"rop_custom_messages_group":[],"rop_publish_now":"initial","rop_publish_now_accounts":[],"rop_publish_now_history":[],"rop_publish_now_status":"pending","_monsterinsights_skip_tracking":false,"_monsterinsights_sitenote_active":false,"_monsterinsights_sitenote_note":"","_monsterinsights_sitenote_category":0,"_themeisle_gutenberg_block_has_review":false,"footnotes":""},"class_list":["post-595","page","type-page","status-publish","hentry"],"yoast_head":"<!-- This site is optimized with the Yoast SEO plugin v27.4 - https:\/\/yoast.com\/product\/yoast-seo-wordpress\/ -->\n<title>Faire un don - Rassemblement pour la la\u00efcit\u00e9 (RPL)<\/title>\n<meta name=\"robots\" content=\"index, follow, max-snippet:-1, max-image-preview:large, max-video-preview:-1\" \/>\n<link rel=\"canonical\" href=\"https:\/\/laicitequebec.org\/?page_id=595\" \/>\n<meta property=\"og:locale\" content=\"fr_FR\" \/>\n<meta property=\"og:type\" content=\"article\" \/>\n<meta property=\"og:title\" content=\"Faire un don - Rassemblement pour la la\u00efcit\u00e9 (RPL)\" \/>\n<meta property=\"og:description\" content=\"\u00a0 Je donne au Rassemblement pour la la\u00efcit\u00e9 (RPL) Votre contribution permettra au Mouvement la\u00efque qu\u00e9b\u00e9cois (MLQ) et au groupe Libres penseurs ath\u00e9es (LPA) d&rsquo;intervenir devant le tribunal afin de d\u00e9fendre la validit\u00e9 de la loi sur la la\u00efcit\u00e9 de l&rsquo;\u00c9tat qu\u00e9b\u00e9cois. Par carte de cr\u00e9dit via PayPal : Par virement interac : \u00e0 l&rsquo;adresse [&hellip;]\" \/>\n<meta property=\"og:url\" content=\"https:\/\/laicitequebec.org\/?page_id=595\" \/>\n<meta property=\"og:site_name\" content=\"Rassemblement pour la la\u00efcit\u00e9 (RPL)\" \/>\n<meta property=\"article:publisher\" content=\"https:\/\/laicitequebec.org\/qui-sommes-nous\/\" \/>\n<meta property=\"article:modified_time\" content=\"2025-11-23T13:11:58+00:00\" \/>\n<meta property=\"og:image\" content=\"https:\/\/laicitequebec.org\/wp-content\/uploads\/2020\/11\/a_Logo-RPL-.jpg\" \/>\n\t<meta property=\"og:image:width\" content=\"1454\" \/>\n\t<meta property=\"og:image:height\" content=\"1448\" \/>\n\t<meta property=\"og:image:type\" content=\"image\/jpeg\" \/>\n<meta name=\"twitter:card\" content=\"summary_large_image\" \/>\n<meta name=\"twitter:site\" content=\"@RPLQuebec\" \/>\n<meta name=\"twitter:label1\" content=\"Dur\u00e9e de lecture estim\u00e9e\" \/>\n\t<meta name=\"twitter:data1\" content=\"1 minute\" \/>\n<script type=\"application\/ld+json\" class=\"yoast-schema-graph\">{\"@context\":\"https:\\\/\\\/schema.org\",\"@graph\":[{\"@type\":\"WebPage\",\"@id\":\"https:\\\/\\\/laicitequebec.org\\\/?page_id=595\",\"url\":\"https:\\\/\\\/laicitequebec.org\\\/?page_id=595\",\"name\":\"Faire un don - Rassemblement pour la la\u00efcit\u00e9 (RPL)\",\"isPartOf\":{\"@id\":\"https:\\\/\\\/laicitequebec.org\\\/#website\"},\"primaryImageOfPage\":{\"@id\":\"https:\\\/\\\/laicitequebec.org\\\/?page_id=595#primaryimage\"},\"image\":{\"@id\":\"https:\\\/\\\/laicitequebec.org\\\/?page_id=595#primaryimage\"},\"thumbnailUrl\":\"https:\\\/\\\/laicitequebec.org\\\/wp-content\\\/uploads\\\/2020\\\/11\\\/a_Logo-RPL--300x300.jpg\",\"datePublished\":\"2020-11-16T21:22:07+00:00\",\"dateModified\":\"2025-11-23T13:11:58+00:00\",\"breadcrumb\":{\"@id\":\"https:\\\/\\\/laicitequebec.org\\\/?page_id=595#breadcrumb\"},\"inLanguage\":\"fr-FR\",\"potentialAction\":[{\"@type\":\"ReadAction\",\"target\":[\"https:\\\/\\\/laicitequebec.org\\\/?page_id=595\"]}]},{\"@type\":\"ImageObject\",\"inLanguage\":\"fr-FR\",\"@id\":\"https:\\\/\\\/laicitequebec.org\\\/?page_id=595#primaryimage\",\"url\":\"https:\\\/\\\/laicitequebec.org\\\/wp-content\\\/uploads\\\/2020\\\/11\\\/a_Logo-RPL-.jpg\",\"contentUrl\":\"https:\\\/\\\/laicitequebec.org\\\/wp-content\\\/uploads\\\/2020\\\/11\\\/a_Logo-RPL-.jpg\",\"width\":1454,\"height\":1448},{\"@type\":\"BreadcrumbList\",\"@id\":\"https:\\\/\\\/laicitequebec.org\\\/?page_id=595#breadcrumb\",\"itemListElement\":[{\"@type\":\"ListItem\",\"position\":1,\"name\":\"Accueil\",\"item\":\"https:\\\/\\\/laicitequebec.org\\\/\"},{\"@type\":\"ListItem\",\"position\":2,\"name\":\"Faire un don\"}]},{\"@type\":\"WebSite\",\"@id\":\"https:\\\/\\\/laicitequebec.org\\\/#website\",\"url\":\"https:\\\/\\\/laicitequebec.org\\\/\",\"name\":\"Laicit\u00e9 Qu\u00e9bec\",\"description\":\"Pour la la\u00efcit\u00e9 au Qu\u00e9bec\",\"publisher\":{\"@id\":\"https:\\\/\\\/laicitequebec.org\\\/#organization\"},\"potentialAction\":[{\"@type\":\"SearchAction\",\"target\":{\"@type\":\"EntryPoint\",\"urlTemplate\":\"https:\\\/\\\/laicitequebec.org\\\/?s={search_term_string}\"},\"query-input\":{\"@type\":\"PropertyValueSpecification\",\"valueRequired\":true,\"valueName\":\"search_term_string\"}}],\"inLanguage\":\"fr-FR\"},{\"@type\":\"Organization\",\"@id\":\"https:\\\/\\\/laicitequebec.org\\\/#organization\",\"name\":\"Rassemblement pour la laicit\u00e9\",\"url\":\"https:\\\/\\\/laicitequebec.org\\\/\",\"logo\":{\"@type\":\"ImageObject\",\"inLanguage\":\"fr-FR\",\"@id\":\"https:\\\/\\\/laicitequebec.org\\\/#\\\/schema\\\/logo\\\/image\\\/\",\"url\":\"https:\\\/\\\/laicitequebec.org\\\/wp-content\\\/uploads\\\/2020\\\/11\\\/cropped-Rassemblement-pour-la-laicite.png\",\"contentUrl\":\"https:\\\/\\\/laicitequebec.org\\\/wp-content\\\/uploads\\\/2020\\\/11\\\/cropped-Rassemblement-pour-la-laicite.png\",\"width\":143,\"height\":142,\"caption\":\"Rassemblement pour la laicit\u00e9\"},\"image\":{\"@id\":\"https:\\\/\\\/laicitequebec.org\\\/#\\\/schema\\\/logo\\\/image\\\/\"},\"sameAs\":[\"https:\\\/\\\/laicitequebec.org\\\/qui-sommes-nous\\\/\",\"https:\\\/\\\/x.com\\\/RPLQuebec\"]}]}<\/script>\n<!-- \/ Yoast SEO plugin. -->","yoast_head_json":{"title":"Faire un don - Rassemblement pour la la\u00efcit\u00e9 (RPL)","robots":{"index":"index","follow":"follow","max-snippet":"max-snippet:-1","max-image-preview":"max-image-preview:large","max-video-preview":"max-video-preview:-1"},"canonical":"https:\/\/laicitequebec.org\/?page_id=595","og_locale":"fr_FR","og_type":"article","og_title":"Faire un don - Rassemblement pour la la\u00efcit\u00e9 (RPL)","og_description":"\u00a0 Je donne au Rassemblement pour la la\u00efcit\u00e9 (RPL) Votre contribution permettra au Mouvement la\u00efque qu\u00e9b\u00e9cois (MLQ) et au groupe Libres penseurs ath\u00e9es (LPA) d&rsquo;intervenir devant le tribunal afin de d\u00e9fendre la validit\u00e9 de la loi sur la la\u00efcit\u00e9 de l&rsquo;\u00c9tat qu\u00e9b\u00e9cois. Par carte de cr\u00e9dit via PayPal : Par virement interac : \u00e0 l&rsquo;adresse [&hellip;]","og_url":"https:\/\/laicitequebec.org\/?page_id=595","og_site_name":"Rassemblement pour la la\u00efcit\u00e9 (RPL)","article_publisher":"https:\/\/laicitequebec.org\/qui-sommes-nous\/","article_modified_time":"2025-11-23T13:11:58+00:00","og_image":[{"width":1454,"height":1448,"url":"https:\/\/laicitequebec.org\/wp-content\/uploads\/2020\/11\/a_Logo-RPL-.jpg","type":"image\/jpeg"}],"twitter_card":"summary_large_image","twitter_site":"@RPLQuebec","twitter_misc":{"Dur\u00e9e de lecture estim\u00e9e":"1 minute"},"schema":{"@context":"https:\/\/schema.org","@graph":[{"@type":"WebPage","@id":"https:\/\/laicitequebec.org\/?page_id=595","url":"https:\/\/laicitequebec.org\/?page_id=595","name":"Faire un don - Rassemblement pour la la\u00efcit\u00e9 (RPL)","isPartOf":{"@id":"https:\/\/laicitequebec.org\/#website"},"primaryImageOfPage":{"@id":"https:\/\/laicitequebec.org\/?page_id=595#primaryimage"},"image":{"@id":"https:\/\/laicitequebec.org\/?page_id=595#primaryimage"},"thumbnailUrl":"https:\/\/laicitequebec.org\/wp-content\/uploads\/2020\/11\/a_Logo-RPL--300x300.jpg","datePublished":"2020-11-16T21:22:07+00:00","dateModified":"2025-11-23T13:11:58+00:00","breadcrumb":{"@id":"https:\/\/laicitequebec.org\/?page_id=595#breadcrumb"},"inLanguage":"fr-FR","potentialAction":[{"@type":"ReadAction","target":["https:\/\/laicitequebec.org\/?page_id=595"]}]},{"@type":"ImageObject","inLanguage":"fr-FR","@id":"https:\/\/laicitequebec.org\/?page_id=595#primaryimage","url":"https:\/\/laicitequebec.org\/wp-content\/uploads\/2020\/11\/a_Logo-RPL-.jpg","contentUrl":"https:\/\/laicitequebec.org\/wp-content\/uploads\/2020\/11\/a_Logo-RPL-.jpg","width":1454,"height":1448},{"@type":"BreadcrumbList","@id":"https:\/\/laicitequebec.org\/?page_id=595#breadcrumb","itemListElement":[{"@type":"ListItem","position":1,"name":"Accueil","item":"https:\/\/laicitequebec.org\/"},{"@type":"ListItem","position":2,"name":"Faire un don"}]},{"@type":"WebSite","@id":"https:\/\/laicitequebec.org\/#website","url":"https:\/\/laicitequebec.org\/","name":"Laicit\u00e9 Qu\u00e9bec","description":"Pour la la\u00efcit\u00e9 au Qu\u00e9bec","publisher":{"@id":"https:\/\/laicitequebec.org\/#organization"},"potentialAction":[{"@type":"SearchAction","target":{"@type":"EntryPoint","urlTemplate":"https:\/\/laicitequebec.org\/?s={search_term_string}"},"query-input":{"@type":"PropertyValueSpecification","valueRequired":true,"valueName":"search_term_string"}}],"inLanguage":"fr-FR"},{"@type":"Organization","@id":"https:\/\/laicitequebec.org\/#organization","name":"Rassemblement pour la laicit\u00e9","url":"https:\/\/laicitequebec.org\/","logo":{"@type":"ImageObject","inLanguage":"fr-FR","@id":"https:\/\/laicitequebec.org\/#\/schema\/logo\/image\/","url":"https:\/\/laicitequebec.org\/wp-content\/uploads\/2020\/11\/cropped-Rassemblement-pour-la-laicite.png","contentUrl":"https:\/\/laicitequebec.org\/wp-content\/uploads\/2020\/11\/cropped-Rassemblement-pour-la-laicite.png","width":143,"height":142,"caption":"Rassemblement pour la laicit\u00e9"},"image":{"@id":"https:\/\/laicitequebec.org\/#\/schema\/logo\/image\/"},"sameAs":["https:\/\/laicitequebec.org\/qui-sommes-nous\/","https:\/\/x.com\/RPLQuebec"]}]}},"_links":{"self":[{"href":"https:\/\/laicitequebec.org\/index.php?rest_route=\/wp\/v2\/pages\/595","targetHints":{"allow":["GET"]}}],"collection":[{"href":"https:\/\/laicitequebec.org\/index.php?rest_route=\/wp\/v2\/pages"}],"about":[{"href":"https:\/\/laicitequebec.org\/index.php?rest_route=\/wp\/v2\/types\/page"}],"author":[{"embeddable":true,"href":"https:\/\/laicitequebec.org\/index.php?rest_route=\/wp\/v2\/users\/1"}],"replies":[{"embeddable":true,"href":"https:\/\/laicitequebec.org\/index.php?rest_route=%2Fwp%2Fv2%2Fcomments&post=595"}],"version-history":[{"count":8,"href":"https:\/\/laicitequebec.org\/index.php?rest_route=\/wp\/v2\/pages\/595\/revisions"}],"predecessor-version":[{"id":1899,"href":"https:\/\/laicitequebec.org\/index.php?rest_route=\/wp\/v2\/pages\/595\/revisions\/1899"}],"wp:attachment":[{"href":"https:\/\/laicitequebec.org\/index.php?rest_route=%2Fwp%2Fv2%2Fmedia&parent=595"}],"curies":[{"name":"wp","href":"https:\/\/api.w.org\/{rel}","templated":true}]}}