{"id":986,"date":"2021-02-28T23:31:05","date_gmt":"2021-02-28T23:31:05","guid":{"rendered":"https:\/\/laicitequebec.org\/?page_id=986"},"modified":"2025-05-10T20:26:25","modified_gmt":"2025-05-10T20:26:25","slug":"coalition-laicite-quebec","status":"publish","type":"page","link":"https:\/\/laicitequebec.org\/","title":{"rendered":"Qui sommes-nous?"},"content":{"rendered":"<p>Le <strong>Rassemblement pour la la\u00efcit\u00e9<\/strong>, ou RPL, est un regroupement d\u2019individus et d\u2019organismes ayant en commun la promotion de la la\u00efcit\u00e9 comme philosophie humaniste de pens\u00e9e et comme r\u00e9gime juridique r\u00e9gissant les relations entre les citoyens du Qu\u00e9bec et leurs institutions publiques.<\/p>\n<p>Fond\u00e9 en 2010, le RPL s\u2019est donn\u00e9 d\u00e8s le d\u00e9part l\u2019objectif de favoriser la concertation entre les divers intervenants, groupes, organismes et associations partageant cet objectif de promotion de la la\u00efcit\u00e9.<\/p>\n<p>\u00c0 ses d\u00e9buts, le rassemblement comprenait Mich\u00e8le Sirois, Diane Guilbeault, Louise Mailloux du Collectif citoyen pour l&rsquo;\u00e9galit\u00e9 et la la\u00efcit\u00e9 (CCIEL), Marie-Mich\u00e8le Poisson du Mouvement la\u00efque qu\u00e9b\u00e9cois (MLQ),\u00a0 Lise Boivin et Benard Larivi\u00e8re du Collectif La\u00efcit\u00e9 de Qu\u00e9bec Solidaire et Michel Lincourt de l&rsquo;Association humaniste du Qu\u00e9bec (AHQ).\u00a0 Se sont ajout\u00e9s \u00e0 partir de 2012 les organismes Association qu\u00e9b\u00e9coise des nord-africains pour la la\u00efcit\u00e9 (AQNAL), SPGQ, PDF Qu\u00e9bec, Libres penseurs ath\u00e9es (LPA) et Laicit\u00e9 capitale nationale.<\/p>\n<p>Plus concr\u00e8tement, le RPL organise des r\u00e9unions de coordination entre membres impliqu\u00e9s dans la promotion de la la\u00efcit\u00e9, met sur pied des s\u00e9ances de discussions, d\u00e9bats, causeries en relation avec la la\u00efcit\u00e9, entreprend des actions de soutien ou d&rsquo;aide logistique \u00e0 des \u00e9v\u00e9nements et\/ou d\u00e9bats en relation avec cet enjeu, diffuse dans les m\u00e9dias des informations relatives \u00e0 la la\u00efcit\u00e9 et au d\u00e9bat qui l&rsquo;entoure et pr\u00e9sente des documents, m\u00e9moires ou autres aupr\u00e8s d&rsquo;organismes charg\u00e9s de consultations publiques, tout en n\u2019excluant pas tout autre moyen favorisant la reconnaissance de la la\u00efcit\u00e9 comme un enjeu majeur de la soci\u00e9t\u00e9 qu\u00e9b\u00e9coise.<\/p>\n<p>Sa vitrine publique se manifeste par sa <a href=\"https:\/\/www.facebook.com\/rassemblementlaicite\" target=\"_blank\" rel=\"noopener\">page Facebook<\/a> , son <a href=\"https:\/\/twitter.com\/RPLQuebec\">compte Twitter<\/a> et par son site web.<\/p>\n<p>Une assembl\u00e9e g\u00e9n\u00e9rale o\u00f9 si\u00e8gent membres individuels et repr\u00e9sentants d\u2019associations et organismes valide et oriente les actions du RPL. Elle nomme sept administrateurs formant un conseil d\u2019administration charg\u00e9 de la gestion de ses affaires courantes.<\/p>\n<p>En 2024-2025, sont membres de son conseil d\u2019administration : Nadia El-Mabrouk (pr\u00e9sidente), \u00c9tienne-Alexis Boucher (vice-pr\u00e9sident), Marie-Claude Girard, Lucie Jobin, Fran\u00e7ois Dugr\u00e9, Rapha\u00ebl Gu\u00e9rard et Lyne Jubinville.<\/p>\n<p>&nbsp;<\/p>\n<p><iframe loading=\"lazy\" title=\"YouTube video player\" src=\"https:\/\/www.youtube.com\/embed\/2Z5bkPbDHLQ\" width=\"560\" height=\"315\" frameborder=\"0\" allowfullscreen=\"allowfullscreen\"><\/iframe><\/p>\n","protected":false},"excerpt":{"rendered":"<p>Le Rassemblement pour la la\u00efcit\u00e9, ou RPL, est un regroupement d\u2019individus et d\u2019organismes ayant en commun la promotion de la la\u00efcit\u00e9 comme philosophie humaniste de pens\u00e9e et comme r\u00e9gime juridique r\u00e9gissant les relations entre les citoyens du Qu\u00e9bec et leurs institutions publiques. Fond\u00e9 en 2010, le RPL s\u2019est donn\u00e9 d\u00e8s le d\u00e9part l\u2019objectif de favoriser [&hellip;]<\/p>\n","protected":false},"author":1,"featured_media":0,"parent":0,"menu_order":0,"comment_status":"closed","ping_status":"closed","template":"","meta":{"rop_custom_images_group":[],"rop_custom_messages_group":[],"rop_publish_now":"initial","rop_publish_now_accounts":[],"rop_publish_now_history":[],"rop_publish_now_status":"pending","_monsterinsights_skip_tracking":false,"_monsterinsights_sitenote_active":false,"_monsterinsights_sitenote_note":"","_monsterinsights_sitenote_category":0,"_themeisle_gutenberg_block_has_review":false,"footnotes":""},"class_list":["post-986","page","type-page","status-publish","hentry"],"yoast_head":"<!-- This site is optimized with the Yoast SEO plugin v27.3 - https:\/\/yoast.com\/product\/yoast-seo-wordpress\/ -->\n<title>laicit\u00e9 qu\u00e9bec coalition promotion Qui sommes-nous? - Rassemblement pour la la\u00efcit\u00e9 (RPL) %<\/title>\n<meta name=\"description\" content=\"laicit\u00e9 quebec rassemblement pour la laicit\u00e9 proc\u00e8s loi 21 libert\u00e9 de conscience rassemblement pour la laicit\u00e9 valeurs universelles \u00e9galit\u00e9\" \/>\n<meta name=\"robots\" content=\"index, follow, max-snippet:-1, max-image-preview:large, max-video-preview:-1\" \/>\n<link rel=\"canonical\" href=\"https:\/\/laicitequebec.org\/\" \/>\n<meta property=\"og:locale\" content=\"fr_FR\" \/>\n<meta property=\"og:type\" content=\"article\" \/>\n<meta property=\"og:title\" content=\"laicit\u00e9 qu\u00e9bec coalition promotion Qui sommes-nous? - Rassemblement pour la la\u00efcit\u00e9 (RPL) %\" \/>\n<meta property=\"og:description\" content=\"laicit\u00e9 quebec rassemblement pour la laicit\u00e9 proc\u00e8s loi 21 libert\u00e9 de conscience rassemblement pour la laicit\u00e9 valeurs universelles \u00e9galit\u00e9\" \/>\n<meta property=\"og:url\" content=\"https:\/\/laicitequebec.org\/\" \/>\n<meta property=\"og:site_name\" content=\"Rassemblement pour la la\u00efcit\u00e9 (RPL)\" \/>\n<meta property=\"article:publisher\" content=\"https:\/\/laicitequebec.org\/qui-sommes-nous\/\" \/>\n<meta property=\"article:modified_time\" content=\"2025-05-10T20:26:25+00:00\" \/>\n<meta name=\"twitter:card\" content=\"summary_large_image\" \/>\n<meta name=\"twitter:site\" content=\"@RPLQuebec\" \/>\n<meta name=\"twitter:label1\" content=\"Dur\u00e9e de lecture estim\u00e9e\" \/>\n\t<meta name=\"twitter:data1\" content=\"2 minutes\" \/>\n<script type=\"application\/ld+json\" class=\"yoast-schema-graph\">{\"@context\":\"https:\\\/\\\/schema.org\",\"@graph\":[{\"@type\":\"WebPage\",\"@id\":\"https:\\\/\\\/laicitequebec.org\\\/\",\"url\":\"https:\\\/\\\/laicitequebec.org\\\/\",\"name\":\"laicit\u00e9 qu\u00e9bec coalition promotion Qui sommes-nous? - Rassemblement pour la la\u00efcit\u00e9 (RPL) %\",\"isPartOf\":{\"@id\":\"https:\\\/\\\/laicitequebec.org\\\/#website\"},\"datePublished\":\"2021-02-28T23:31:05+00:00\",\"dateModified\":\"2025-05-10T20:26:25+00:00\",\"description\":\"laicit\u00e9 quebec rassemblement pour la laicit\u00e9 proc\u00e8s loi 21 libert\u00e9 de conscience rassemblement pour la laicit\u00e9 valeurs universelles \u00e9galit\u00e9\",\"breadcrumb\":{\"@id\":\"https:\\\/\\\/laicitequebec.org\\\/#breadcrumb\"},\"inLanguage\":\"fr-FR\",\"potentialAction\":[{\"@type\":\"ReadAction\",\"target\":[\"https:\\\/\\\/laicitequebec.org\\\/\"]}]},{\"@type\":\"BreadcrumbList\",\"@id\":\"https:\\\/\\\/laicitequebec.org\\\/#breadcrumb\",\"itemListElement\":[{\"@type\":\"ListItem\",\"position\":1,\"name\":\"Accueil\",\"item\":\"https:\\\/\\\/laicitequebec.org\\\/\"},{\"@type\":\"ListItem\",\"position\":2,\"name\":\"Qui sommes-nous?\"}]},{\"@type\":\"WebSite\",\"@id\":\"https:\\\/\\\/laicitequebec.org\\\/#website\",\"url\":\"https:\\\/\\\/laicitequebec.org\\\/\",\"name\":\"Laicit\u00e9 Qu\u00e9bec\",\"description\":\"Pour la la\u00efcit\u00e9 au Qu\u00e9bec\",\"publisher\":{\"@id\":\"https:\\\/\\\/laicitequebec.org\\\/#organization\"},\"potentialAction\":[{\"@type\":\"SearchAction\",\"target\":{\"@type\":\"EntryPoint\",\"urlTemplate\":\"https:\\\/\\\/laicitequebec.org\\\/?s={search_term_string}\"},\"query-input\":{\"@type\":\"PropertyValueSpecification\",\"valueRequired\":true,\"valueName\":\"search_term_string\"}}],\"inLanguage\":\"fr-FR\"},{\"@type\":\"Organization\",\"@id\":\"https:\\\/\\\/laicitequebec.org\\\/#organization\",\"name\":\"Rassemblement pour la laicit\u00e9\",\"url\":\"https:\\\/\\\/laicitequebec.org\\\/\",\"logo\":{\"@type\":\"ImageObject\",\"inLanguage\":\"fr-FR\",\"@id\":\"https:\\\/\\\/laicitequebec.org\\\/#\\\/schema\\\/logo\\\/image\\\/\",\"url\":\"https:\\\/\\\/laicitequebec.org\\\/wp-content\\\/uploads\\\/2020\\\/11\\\/cropped-Rassemblement-pour-la-laicite.png\",\"contentUrl\":\"https:\\\/\\\/laicitequebec.org\\\/wp-content\\\/uploads\\\/2020\\\/11\\\/cropped-Rassemblement-pour-la-laicite.png\",\"width\":143,\"height\":142,\"caption\":\"Rassemblement pour la laicit\u00e9\"},\"image\":{\"@id\":\"https:\\\/\\\/laicitequebec.org\\\/#\\\/schema\\\/logo\\\/image\\\/\"},\"sameAs\":[\"https:\\\/\\\/laicitequebec.org\\\/qui-sommes-nous\\\/\",\"https:\\\/\\\/x.com\\\/RPLQuebec\"]}]}<\/script>\n<!-- \/ Yoast SEO plugin. -->","yoast_head_json":{"title":"laicit\u00e9 qu\u00e9bec coalition promotion Qui sommes-nous? - Rassemblement pour la la\u00efcit\u00e9 (RPL) %","description":"laicit\u00e9 quebec rassemblement pour la laicit\u00e9 proc\u00e8s loi 21 libert\u00e9 de conscience rassemblement pour la laicit\u00e9 valeurs universelles \u00e9galit\u00e9","robots":{"index":"index","follow":"follow","max-snippet":"max-snippet:-1","max-image-preview":"max-image-preview:large","max-video-preview":"max-video-preview:-1"},"canonical":"https:\/\/laicitequebec.org\/","og_locale":"fr_FR","og_type":"article","og_title":"laicit\u00e9 qu\u00e9bec coalition promotion Qui sommes-nous? - Rassemblement pour la la\u00efcit\u00e9 (RPL) %","og_description":"laicit\u00e9 quebec rassemblement pour la laicit\u00e9 proc\u00e8s loi 21 libert\u00e9 de conscience rassemblement pour la laicit\u00e9 valeurs universelles \u00e9galit\u00e9","og_url":"https:\/\/laicitequebec.org\/","og_site_name":"Rassemblement pour la la\u00efcit\u00e9 (RPL)","article_publisher":"https:\/\/laicitequebec.org\/qui-sommes-nous\/","article_modified_time":"2025-05-10T20:26:25+00:00","twitter_card":"summary_large_image","twitter_site":"@RPLQuebec","twitter_misc":{"Dur\u00e9e de lecture estim\u00e9e":"2 minutes"},"schema":{"@context":"https:\/\/schema.org","@graph":[{"@type":"WebPage","@id":"https:\/\/laicitequebec.org\/","url":"https:\/\/laicitequebec.org\/","name":"laicit\u00e9 qu\u00e9bec coalition promotion Qui sommes-nous? - Rassemblement pour la la\u00efcit\u00e9 (RPL) %","isPartOf":{"@id":"https:\/\/laicitequebec.org\/#website"},"datePublished":"2021-02-28T23:31:05+00:00","dateModified":"2025-05-10T20:26:25+00:00","description":"laicit\u00e9 quebec rassemblement pour la laicit\u00e9 proc\u00e8s loi 21 libert\u00e9 de conscience rassemblement pour la laicit\u00e9 valeurs universelles \u00e9galit\u00e9","breadcrumb":{"@id":"https:\/\/laicitequebec.org\/#breadcrumb"},"inLanguage":"fr-FR","potentialAction":[{"@type":"ReadAction","target":["https:\/\/laicitequebec.org\/"]}]},{"@type":"BreadcrumbList","@id":"https:\/\/laicitequebec.org\/#breadcrumb","itemListElement":[{"@type":"ListItem","position":1,"name":"Accueil","item":"https:\/\/laicitequebec.org\/"},{"@type":"ListItem","position":2,"name":"Qui sommes-nous?"}]},{"@type":"WebSite","@id":"https:\/\/laicitequebec.org\/#website","url":"https:\/\/laicitequebec.org\/","name":"Laicit\u00e9 Qu\u00e9bec","description":"Pour la la\u00efcit\u00e9 au Qu\u00e9bec","publisher":{"@id":"https:\/\/laicitequebec.org\/#organization"},"potentialAction":[{"@type":"SearchAction","target":{"@type":"EntryPoint","urlTemplate":"https:\/\/laicitequebec.org\/?s={search_term_string}"},"query-input":{"@type":"PropertyValueSpecification","valueRequired":true,"valueName":"search_term_string"}}],"inLanguage":"fr-FR"},{"@type":"Organization","@id":"https:\/\/laicitequebec.org\/#organization","name":"Rassemblement pour la laicit\u00e9","url":"https:\/\/laicitequebec.org\/","logo":{"@type":"ImageObject","inLanguage":"fr-FR","@id":"https:\/\/laicitequebec.org\/#\/schema\/logo\/image\/","url":"https:\/\/laicitequebec.org\/wp-content\/uploads\/2020\/11\/cropped-Rassemblement-pour-la-laicite.png","contentUrl":"https:\/\/laicitequebec.org\/wp-content\/uploads\/2020\/11\/cropped-Rassemblement-pour-la-laicite.png","width":143,"height":142,"caption":"Rassemblement pour la laicit\u00e9"},"image":{"@id":"https:\/\/laicitequebec.org\/#\/schema\/logo\/image\/"},"sameAs":["https:\/\/laicitequebec.org\/qui-sommes-nous\/","https:\/\/x.com\/RPLQuebec"]}]}},"_links":{"self":[{"href":"https:\/\/laicitequebec.org\/index.php?rest_route=\/wp\/v2\/pages\/986","targetHints":{"allow":["GET"]}}],"collection":[{"href":"https:\/\/laicitequebec.org\/index.php?rest_route=\/wp\/v2\/pages"}],"about":[{"href":"https:\/\/laicitequebec.org\/index.php?rest_route=\/wp\/v2\/types\/page"}],"author":[{"embeddable":true,"href":"https:\/\/laicitequebec.org\/index.php?rest_route=\/wp\/v2\/users\/1"}],"replies":[{"embeddable":true,"href":"https:\/\/laicitequebec.org\/index.php?rest_route=%2Fwp%2Fv2%2Fcomments&post=986"}],"version-history":[{"count":37,"href":"https:\/\/laicitequebec.org\/index.php?rest_route=\/wp\/v2\/pages\/986\/revisions"}],"predecessor-version":[{"id":1864,"href":"https:\/\/laicitequebec.org\/index.php?rest_route=\/wp\/v2\/pages\/986\/revisions\/1864"}],"wp:attachment":[{"href":"https:\/\/laicitequebec.org\/index.php?rest_route=%2Fwp%2Fv2%2Fmedia&parent=986"}],"curies":[{"name":"wp","href":"https:\/\/api.w.org\/{rel}","templated":true}]}}